{"id":217,"date":"2021-03-31T17:06:05","date_gmt":"2021-03-31T15:06:05","guid":{"rendered":"https:\/\/cielesyeuxdelsa.com\/?page_id=217"},"modified":"2023-02-23T13:43:09","modified_gmt":"2023-02-23T12:43:09","slug":"partenaires","status":"publish","type":"page","link":"https:\/\/cielesyeuxdelsa.com\/index.php\/compagnie\/partenaires\/","title":{"rendered":"PARTENAIRES"},"content":{"rendered":"\n<p class=\"has-text-align-center\">Accueil en r\u00e9sidence, soutien administratif, relais de communication, diffusion de nos cr\u00e9ations, financements, mise en relation de professionnels, d\u00e9ploiement de nos projets d&#8217;\u00e9ducation artistique&#8230; sans nos partenaires tout cela serait impossible ! <\/p>\n\n\n\n<p class=\"has-text-align-center\">On leur dit merci !<\/p>\n\n\n\n<hr class=\"wp-block-separator has-text-color has-css-opacity has-background is-style-default\" style=\"background-color:#00a6a1;color:#00a6a1\"\/>\n\n\n\n<figure class=\"wp-block-image size-large\"><img loading=\"lazy\" decoding=\"async\" width=\"724\" height=\"1024\" src=\"https:\/\/cielesyeuxdelsa.com\/wp-content\/uploads\/2023\/02\/partenaires-724x1024.png\" alt=\"\" class=\"wp-image-501\" srcset=\"https:\/\/cielesyeuxdelsa.com\/wp-content\/uploads\/2023\/02\/partenaires-724x1024.png 724w, https:\/\/cielesyeuxdelsa.com\/wp-content\/uploads\/2023\/02\/partenaires-212x300.png 212w, https:\/\/cielesyeuxdelsa.com\/wp-content\/uploads\/2023\/02\/partenaires-768x1086.png 768w, https:\/\/cielesyeuxdelsa.com\/wp-content\/uploads\/2023\/02\/partenaires.png 1050w\" sizes=\"(max-width: 724px) 100vw, 724px\" \/><\/figure>\n\n\n\n<hr class=\"wp-block-separator has-text-color has-css-opacity has-background is-style-default\" style=\"background-color:#00a6a1;color:#00a6a1\"\/>\n\n\n\n<p class=\"has-text-align-center\">En tant que particulier, vous pouvez vous aussi nous soutenir, <a href=\"https:\/\/www.helloasso.com\/associations\/compagnie-les-yeux-d-elsa\/adhesions\/adhesion-compagnie-les-yeux-d-elsa-22-23\">en adh\u00e9rant \u00e0 l&#8217;association<\/a> !<\/p>\n\n\n\n<hr class=\"wp-block-separator has-text-color has-css-opacity has-background is-style-default\" style=\"background-color:#00a6a1;color:#00a6a1\"\/>\n\n\n\n<p class=\"has-text-align-center\"><a href=\"https:\/\/cielesyeuxdelsa.com\/index.php\/compagnie\/\">Retour<\/a><\/p>\n","protected":false},"excerpt":{"rendered":"<p>Accueil en r\u00e9sidence, soutien administratif, relais de communication, diffusion de nos cr\u00e9ations, financements, mise en relation de professionnels, d\u00e9ploiement de nos projets d&#8217;\u00e9ducation artistique&#8230; sans nos partenaires tout cela serait impossible ! On leur dit merci ! En tant que particulier, vous pouvez vous aussi nous soutenir, en adh\u00e9rant \u00e0 l&#8217;association ! Retour<\/p>\n","protected":false},"author":1,"featured_media":219,"parent":76,"menu_order":0,"comment_status":"closed","ping_status":"closed","template":"","meta":{"footnotes":""},"yoast_head":"<!-- This site is optimized with the Yoast SEO plugin v24.5 - https:\/\/yoast.com\/wordpress\/plugins\/seo\/ -->\n<title>PARTENAIRES - L E S Y E U X D&#039;E L S A<\/title>\n<meta name=\"description\" content=\"Accueil en r\u00e9sidence, soutien administratif, relais de communication, diffusion de nos cr\u00e9ations, financements, mise en relation de professionnels, d\u00e9ploiement de nos projets d&#039;\u00e9ducation artistique... sans nos partenaires tout cela serait impossible !\" \/>\n<meta name=\"robots\" content=\"index, follow, max-snippet:-1, max-image-preview:large, max-video-preview:-1\" \/>\n<link rel=\"canonical\" href=\"https:\/\/cielesyeuxdelsa.com\/index.php\/compagnie\/partenaires\/\" \/>\n<meta property=\"og:locale\" content=\"en_US\" \/>\n<meta property=\"og:type\" content=\"article\" \/>\n<meta property=\"og:title\" content=\"PARTENAIRES - L E S Y E U X D&#039;E L S A\" \/>\n<meta property=\"og:description\" content=\"Accueil en r\u00e9sidence, soutien administratif, relais de communication, diffusion de nos cr\u00e9ations, financements, mise en relation de professionnels, d\u00e9ploiement de nos projets d&#039;\u00e9ducation artistique... sans nos partenaires tout cela serait impossible !\" \/>\n<meta property=\"og:url\" content=\"https:\/\/cielesyeuxdelsa.com\/index.php\/compagnie\/partenaires\/\" \/>\n<meta property=\"og:site_name\" content=\"L E S Y E U X D&#039;E L S A\" \/>\n<meta property=\"article:modified_time\" content=\"2023-02-23T12:43:09+00:00\" \/>\n<meta property=\"og:image\" content=\"https:\/\/cielesyeuxdelsa.com\/wp-content\/uploads\/2021\/03\/tattoo-2894318_1920-e1617203292386.jpg\" \/>\n\t<meta property=\"og:image:width\" content=\"1891\" \/>\n\t<meta property=\"og:image:height\" content=\"1027\" \/>\n\t<meta property=\"og:image:type\" content=\"image\/jpeg\" \/>\n<meta name=\"twitter:card\" content=\"summary_large_image\" \/>\n<meta name=\"twitter:label1\" content=\"Est. reading time\" \/>\n\t<meta name=\"twitter:data1\" content=\"1 minute\" \/>\n<script type=\"application\/ld+json\" class=\"yoast-schema-graph\">{\"@context\":\"https:\/\/schema.org\",\"@graph\":[{\"@type\":\"WebPage\",\"@id\":\"https:\/\/cielesyeuxdelsa.com\/index.php\/compagnie\/partenaires\/\",\"url\":\"https:\/\/cielesyeuxdelsa.com\/index.php\/compagnie\/partenaires\/\",\"name\":\"PARTENAIRES - L E S Y E U X D&#039;E L S A\",\"isPartOf\":{\"@id\":\"https:\/\/cielesyeuxdelsa.com\/#website\"},\"primaryImageOfPage\":{\"@id\":\"https:\/\/cielesyeuxdelsa.com\/index.php\/compagnie\/partenaires\/#primaryimage\"},\"image\":{\"@id\":\"https:\/\/cielesyeuxdelsa.com\/index.php\/compagnie\/partenaires\/#primaryimage\"},\"thumbnailUrl\":\"https:\/\/cielesyeuxdelsa.com\/wp-content\/uploads\/2021\/03\/tattoo-2894318_1920-e1617203292386.jpg\",\"datePublished\":\"2021-03-31T15:06:05+00:00\",\"dateModified\":\"2023-02-23T12:43:09+00:00\",\"description\":\"Accueil en r\u00e9sidence, soutien administratif, relais de communication, diffusion de nos cr\u00e9ations, financements, mise en relation de professionnels, d\u00e9ploiement de nos projets d'\u00e9ducation artistique... sans nos partenaires tout cela serait impossible !\",\"breadcrumb\":{\"@id\":\"https:\/\/cielesyeuxdelsa.com\/index.php\/compagnie\/partenaires\/#breadcrumb\"},\"inLanguage\":\"en-US\",\"potentialAction\":[{\"@type\":\"ReadAction\",\"target\":[\"https:\/\/cielesyeuxdelsa.com\/index.php\/compagnie\/partenaires\/\"]}]},{\"@type\":\"ImageObject\",\"inLanguage\":\"en-US\",\"@id\":\"https:\/\/cielesyeuxdelsa.com\/index.php\/compagnie\/partenaires\/#primaryimage\",\"url\":\"https:\/\/cielesyeuxdelsa.com\/wp-content\/uploads\/2021\/03\/tattoo-2894318_1920-e1617203292386.jpg\",\"contentUrl\":\"https:\/\/cielesyeuxdelsa.com\/wp-content\/uploads\/2021\/03\/tattoo-2894318_1920-e1617203292386.jpg\",\"width\":1891,\"height\":1027},{\"@type\":\"BreadcrumbList\",\"@id\":\"https:\/\/cielesyeuxdelsa.com\/index.php\/compagnie\/partenaires\/#breadcrumb\",\"itemListElement\":[{\"@type\":\"ListItem\",\"position\":1,\"name\":\"Accueil\",\"item\":\"https:\/\/cielesyeuxdelsa.com\/\"},{\"@type\":\"ListItem\",\"position\":2,\"name\":\"LA COMPAGNIE\",\"item\":\"https:\/\/cielesyeuxdelsa.com\/index.php\/compagnie\/\"},{\"@type\":\"ListItem\",\"position\":3,\"name\":\"PARTENAIRES\"}]},{\"@type\":\"WebSite\",\"@id\":\"https:\/\/cielesyeuxdelsa.com\/#website\",\"url\":\"https:\/\/cielesyeuxdelsa.com\/\",\"name\":\"L E S Y E U X D&#039;E L S A\",\"description\":\"...drames burlesques, gestuels et verbaux...\",\"potentialAction\":[{\"@type\":\"SearchAction\",\"target\":{\"@type\":\"EntryPoint\",\"urlTemplate\":\"https:\/\/cielesyeuxdelsa.com\/?s={search_term_string}\"},\"query-input\":{\"@type\":\"PropertyValueSpecification\",\"valueRequired\":true,\"valueName\":\"search_term_string\"}}],\"inLanguage\":\"en-US\"}]}<\/script>\n<!-- \/ Yoast SEO plugin. -->","yoast_head_json":{"title":"PARTENAIRES - L E S Y E U X D&#039;E L S A","description":"Accueil en r\u00e9sidence, soutien administratif, relais de communication, diffusion de nos cr\u00e9ations, financements, mise en relation de professionnels, d\u00e9ploiement de nos projets d'\u00e9ducation artistique... sans nos partenaires tout cela serait impossible !","robots":{"index":"index","follow":"follow","max-snippet":"max-snippet:-1","max-image-preview":"max-image-preview:large","max-video-preview":"max-video-preview:-1"},"canonical":"https:\/\/cielesyeuxdelsa.com\/index.php\/compagnie\/partenaires\/","og_locale":"en_US","og_type":"article","og_title":"PARTENAIRES - L E S Y E U X D&#039;E L S A","og_description":"Accueil en r\u00e9sidence, soutien administratif, relais de communication, diffusion de nos cr\u00e9ations, financements, mise en relation de professionnels, d\u00e9ploiement de nos projets d'\u00e9ducation artistique... sans nos partenaires tout cela serait impossible !","og_url":"https:\/\/cielesyeuxdelsa.com\/index.php\/compagnie\/partenaires\/","og_site_name":"L E S Y E U X D&#039;E L S A","article_modified_time":"2023-02-23T12:43:09+00:00","og_image":[{"width":1891,"height":1027,"url":"https:\/\/cielesyeuxdelsa.com\/wp-content\/uploads\/2021\/03\/tattoo-2894318_1920-e1617203292386.jpg","type":"image\/jpeg"}],"twitter_card":"summary_large_image","twitter_misc":{"Est. reading time":"1 minute"},"schema":{"@context":"https:\/\/schema.org","@graph":[{"@type":"WebPage","@id":"https:\/\/cielesyeuxdelsa.com\/index.php\/compagnie\/partenaires\/","url":"https:\/\/cielesyeuxdelsa.com\/index.php\/compagnie\/partenaires\/","name":"PARTENAIRES - L E S Y E U X D&#039;E L S A","isPartOf":{"@id":"https:\/\/cielesyeuxdelsa.com\/#website"},"primaryImageOfPage":{"@id":"https:\/\/cielesyeuxdelsa.com\/index.php\/compagnie\/partenaires\/#primaryimage"},"image":{"@id":"https:\/\/cielesyeuxdelsa.com\/index.php\/compagnie\/partenaires\/#primaryimage"},"thumbnailUrl":"https:\/\/cielesyeuxdelsa.com\/wp-content\/uploads\/2021\/03\/tattoo-2894318_1920-e1617203292386.jpg","datePublished":"2021-03-31T15:06:05+00:00","dateModified":"2023-02-23T12:43:09+00:00","description":"Accueil en r\u00e9sidence, soutien administratif, relais de communication, diffusion de nos cr\u00e9ations, financements, mise en relation de professionnels, d\u00e9ploiement de nos projets d'\u00e9ducation artistique... sans nos partenaires tout cela serait impossible !","breadcrumb":{"@id":"https:\/\/cielesyeuxdelsa.com\/index.php\/compagnie\/partenaires\/#breadcrumb"},"inLanguage":"en-US","potentialAction":[{"@type":"ReadAction","target":["https:\/\/cielesyeuxdelsa.com\/index.php\/compagnie\/partenaires\/"]}]},{"@type":"ImageObject","inLanguage":"en-US","@id":"https:\/\/cielesyeuxdelsa.com\/index.php\/compagnie\/partenaires\/#primaryimage","url":"https:\/\/cielesyeuxdelsa.com\/wp-content\/uploads\/2021\/03\/tattoo-2894318_1920-e1617203292386.jpg","contentUrl":"https:\/\/cielesyeuxdelsa.com\/wp-content\/uploads\/2021\/03\/tattoo-2894318_1920-e1617203292386.jpg","width":1891,"height":1027},{"@type":"BreadcrumbList","@id":"https:\/\/cielesyeuxdelsa.com\/index.php\/compagnie\/partenaires\/#breadcrumb","itemListElement":[{"@type":"ListItem","position":1,"name":"Accueil","item":"https:\/\/cielesyeuxdelsa.com\/"},{"@type":"ListItem","position":2,"name":"LA COMPAGNIE","item":"https:\/\/cielesyeuxdelsa.com\/index.php\/compagnie\/"},{"@type":"ListItem","position":3,"name":"PARTENAIRES"}]},{"@type":"WebSite","@id":"https:\/\/cielesyeuxdelsa.com\/#website","url":"https:\/\/cielesyeuxdelsa.com\/","name":"L E S Y E U X D&#039;E L S A","description":"...drames burlesques, gestuels et verbaux...","potentialAction":[{"@type":"SearchAction","target":{"@type":"EntryPoint","urlTemplate":"https:\/\/cielesyeuxdelsa.com\/?s={search_term_string}"},"query-input":{"@type":"PropertyValueSpecification","valueRequired":true,"valueName":"search_term_string"}}],"inLanguage":"en-US"}]}},"_links":{"self":[{"href":"https:\/\/cielesyeuxdelsa.com\/index.php\/wp-json\/wp\/v2\/pages\/217"}],"collection":[{"href":"https:\/\/cielesyeuxdelsa.com\/index.php\/wp-json\/wp\/v2\/pages"}],"about":[{"href":"https:\/\/cielesyeuxdelsa.com\/index.php\/wp-json\/wp\/v2\/types\/page"}],"author":[{"embeddable":true,"href":"https:\/\/cielesyeuxdelsa.com\/index.php\/wp-json\/wp\/v2\/users\/1"}],"replies":[{"embeddable":true,"href":"https:\/\/cielesyeuxdelsa.com\/index.php\/wp-json\/wp\/v2\/comments?post=217"}],"version-history":[{"count":6,"href":"https:\/\/cielesyeuxdelsa.com\/index.php\/wp-json\/wp\/v2\/pages\/217\/revisions"}],"predecessor-version":[{"id":503,"href":"https:\/\/cielesyeuxdelsa.com\/index.php\/wp-json\/wp\/v2\/pages\/217\/revisions\/503"}],"up":[{"embeddable":true,"href":"https:\/\/cielesyeuxdelsa.com\/index.php\/wp-json\/wp\/v2\/pages\/76"}],"wp:featuredmedia":[{"embeddable":true,"href":"https:\/\/cielesyeuxdelsa.com\/index.php\/wp-json\/wp\/v2\/media\/219"}],"wp:attachment":[{"href":"https:\/\/cielesyeuxdelsa.com\/index.php\/wp-json\/wp\/v2\/media?parent=217"}],"curies":[{"name":"wp","href":"https:\/\/api.w.org\/{rel}","templated":true}]}}