{"id":135,"date":"2021-03-25T12:26:41","date_gmt":"2021-03-25T11:26:41","guid":{"rendered":"https:\/\/cielesyeuxdelsa.com\/?page_id=135"},"modified":"2021-05-06T11:27:13","modified_gmt":"2021-05-06T09:27:13","slug":"contact","status":"publish","type":"page","link":"https:\/\/cielesyeuxdelsa.com\/index.php\/contact\/","title":{"rendered":"CONTACT"},"content":{"rendered":"\n<h2 class=\"has-text-align-center has-text-color wp-block-heading\" style=\"color:#00a6a1\"><\/h2>\n\n\n\n<p>Vous avez une question \u00e0 nous poser ? Un projet \u00e0 nous proposer ? Vous souhaitez rejoindre notre \u00e9quipe de b\u00e9n\u00e9voles ou simplement nous envoyer un petit mot d&#8217;amour ?<\/p>\n\n\n\n<p>C&#8217;est par ici ! Ou directement par mail \u00e0 cie.lesyeuxdelsa@gmail.com.<\/p>\n\n\n<div class=\"wpforms-container wpforms-container-full\" id=\"wpforms-134\"><form id=\"wpforms-form-134\" class=\"wpforms-validate wpforms-form\" data-formid=\"134\" method=\"post\" enctype=\"multipart\/form-data\" action=\"\/index.php\/wp-json\/wp\/v2\/pages\/135\" data-token=\"7ca2e79613a6dfd46e350bfa6af19bd4\" data-token-time=\"1776263517\"><noscript class=\"wpforms-error-noscript\">Please enable JavaScript in your browser to complete this form.<\/noscript><div class=\"wpforms-field-container\"><div id=\"wpforms-134-field_0-container\" class=\"wpforms-field wpforms-field-name\" data-field-id=\"0\"><label class=\"wpforms-field-label\">Nom <span class=\"wpforms-required-label\">*<\/span><\/label><div class=\"wpforms-field-row wpforms-field-medium\"><div class=\"wpforms-field-row-block wpforms-first wpforms-one-half\"><input type=\"text\" id=\"wpforms-134-field_0\" class=\"wpforms-field-name-first wpforms-field-required\" name=\"wpforms[fields][0][first]\" required><label for=\"wpforms-134-field_0\" class=\"wpforms-field-sublabel after\">First<\/label><\/div><div class=\"wpforms-field-row-block wpforms-one-half\"><input type=\"text\" id=\"wpforms-134-field_0-last\" class=\"wpforms-field-name-last wpforms-field-required\" name=\"wpforms[fields][0][last]\" required><label for=\"wpforms-134-field_0-last\" class=\"wpforms-field-sublabel after\">Last<\/label><\/div><\/div><\/div><div id=\"wpforms-134-field_1-container\" class=\"wpforms-field wpforms-field-email\" data-field-id=\"1\"><label class=\"wpforms-field-label\" for=\"wpforms-134-field_1\">E-mail <span class=\"wpforms-required-label\">*<\/span><\/label><input type=\"email\" id=\"wpforms-134-field_1\" class=\"wpforms-field-medium wpforms-field-required\" name=\"wpforms[fields][1]\" spellcheck=\"false\" required><\/div><div id=\"wpforms-134-field_2-container\" class=\"wpforms-field wpforms-field-textarea\" data-field-id=\"2\"><label class=\"wpforms-field-label\" for=\"wpforms-134-field_2\">Commentaire ou message <span class=\"wpforms-required-label\">*<\/span><\/label><textarea id=\"wpforms-134-field_2\" class=\"wpforms-field-medium wpforms-field-required\" name=\"wpforms[fields][2]\" required><\/textarea><\/div><\/div><!-- .wpforms-field-container --><div class=\"wpforms-recaptcha-container wpforms-is-recaptcha wpforms-is-recaptcha-type-v2\" ><div class=\"g-recaptcha\" data-sitekey=\"6LdHbo0hAAAAALjDhIbjTNiCFtRRQS-9LiHuLPuf\"><\/div><input type=\"text\" name=\"g-recaptcha-hidden\" class=\"wpforms-recaptcha-hidden\" style=\"position:absolute!important;clip:rect(0,0,0,0)!important;height:1px!important;width:1px!important;border:0!important;overflow:hidden!important;padding:0!important;margin:0!important;\" data-rule-recaptcha=\"1\"><\/div><div class=\"wpforms-submit-container\" ><input type=\"hidden\" name=\"wpforms[id]\" value=\"134\"><input type=\"hidden\" name=\"page_title\" value=\"\"><input type=\"hidden\" name=\"page_url\" value=\"https:\/\/cielesyeuxdelsa.com\/index.php\/wp-json\/wp\/v2\/pages\/135\"><input type=\"hidden\" name=\"url_referer\" value=\"\"><button type=\"submit\" name=\"wpforms[submit]\" id=\"wpforms-submit-134\" class=\"wpforms-submit\" data-alt-text=\"Envoi...\" data-submit-text=\"Envoyer\" aria-live=\"assertive\" value=\"wpforms-submit\">Envoyer<\/button><\/div><\/form><\/div>  <!-- .wpforms-container -->\n\n\n\n<p><\/p>\n","protected":false},"excerpt":{"rendered":"<p>Vous avez une question \u00e0 nous poser ? Un projet \u00e0 nous proposer ? Vous souhaitez rejoindre notre \u00e9quipe de b\u00e9n\u00e9voles ou simplement nous envoyer un petit mot d&#8217;amour ? C&#8217;est par ici ! Ou directement par mail \u00e0 cie.lesyeuxdelsa@gmail.com.<\/p>\n","protected":false},"author":1,"featured_media":101,"parent":0,"menu_order":0,"comment_status":"closed","ping_status":"closed","template":"","meta":{"footnotes":""},"yoast_head":"<!-- This site is optimized with the Yoast SEO plugin v24.5 - https:\/\/yoast.com\/wordpress\/plugins\/seo\/ -->\n<title>CONTACT - L E S Y E U X D&#039;E L S A<\/title>\n<meta name=\"description\" content=\"Vous avez une question \u00e0 nous poser ? Un projet \u00e0 nous proposer ? Vous souhaitez rejoindre notre \u00e9quipe de b\u00e9n\u00e9voles ou simplement nous envoyer un petit mot d&#039;amour ?\" \/>\n<meta name=\"robots\" content=\"index, follow, max-snippet:-1, max-image-preview:large, max-video-preview:-1\" \/>\n<link rel=\"canonical\" href=\"https:\/\/cielesyeuxdelsa.com\/index.php\/contact\/\" \/>\n<meta property=\"og:locale\" content=\"en_US\" \/>\n<meta property=\"og:type\" content=\"article\" \/>\n<meta property=\"og:title\" content=\"CONTACT - L E S Y E U X D&#039;E L S A\" \/>\n<meta property=\"og:description\" content=\"Vous avez une question \u00e0 nous poser ? Un projet \u00e0 nous proposer ? Vous souhaitez rejoindre notre \u00e9quipe de b\u00e9n\u00e9voles ou simplement nous envoyer un petit mot d&#039;amour ?\" \/>\n<meta property=\"og:url\" content=\"https:\/\/cielesyeuxdelsa.com\/index.php\/contact\/\" \/>\n<meta property=\"og:site_name\" content=\"L E S Y E U X D&#039;E L S A\" \/>\n<meta property=\"article:modified_time\" content=\"2021-05-06T09:27:13+00:00\" \/>\n<meta property=\"og:image\" content=\"https:\/\/cielesyeuxdelsa.com\/wp-content\/uploads\/2020\/11\/2017_12_Orly-indoor_38-scaled-e1616681876174.jpg\" \/>\n\t<meta property=\"og:image:width\" content=\"1708\" \/>\n\t<meta property=\"og:image:height\" content=\"1706\" \/>\n\t<meta property=\"og:image:type\" content=\"image\/jpeg\" \/>\n<meta name=\"twitter:card\" content=\"summary_large_image\" \/>\n<script type=\"application\/ld+json\" class=\"yoast-schema-graph\">{\"@context\":\"https:\/\/schema.org\",\"@graph\":[{\"@type\":\"WebPage\",\"@id\":\"https:\/\/cielesyeuxdelsa.com\/index.php\/contact\/\",\"url\":\"https:\/\/cielesyeuxdelsa.com\/index.php\/contact\/\",\"name\":\"CONTACT - L E S Y E U X D&#039;E L S A\",\"isPartOf\":{\"@id\":\"https:\/\/cielesyeuxdelsa.com\/#website\"},\"primaryImageOfPage\":{\"@id\":\"https:\/\/cielesyeuxdelsa.com\/index.php\/contact\/#primaryimage\"},\"image\":{\"@id\":\"https:\/\/cielesyeuxdelsa.com\/index.php\/contact\/#primaryimage\"},\"thumbnailUrl\":\"https:\/\/cielesyeuxdelsa.com\/wp-content\/uploads\/2020\/11\/2017_12_Orly-indoor_38-scaled-e1616681876174.jpg\",\"datePublished\":\"2021-03-25T11:26:41+00:00\",\"dateModified\":\"2021-05-06T09:27:13+00:00\",\"description\":\"Vous avez une question \u00e0 nous poser ? Un projet \u00e0 nous proposer ? Vous souhaitez rejoindre notre \u00e9quipe de b\u00e9n\u00e9voles ou simplement nous envoyer un petit mot d'amour ?\",\"breadcrumb\":{\"@id\":\"https:\/\/cielesyeuxdelsa.com\/index.php\/contact\/#breadcrumb\"},\"inLanguage\":\"en-US\",\"potentialAction\":[{\"@type\":\"ReadAction\",\"target\":[\"https:\/\/cielesyeuxdelsa.com\/index.php\/contact\/\"]}]},{\"@type\":\"ImageObject\",\"inLanguage\":\"en-US\",\"@id\":\"https:\/\/cielesyeuxdelsa.com\/index.php\/contact\/#primaryimage\",\"url\":\"https:\/\/cielesyeuxdelsa.com\/wp-content\/uploads\/2020\/11\/2017_12_Orly-indoor_38-scaled-e1616681876174.jpg\",\"contentUrl\":\"https:\/\/cielesyeuxdelsa.com\/wp-content\/uploads\/2020\/11\/2017_12_Orly-indoor_38-scaled-e1616681876174.jpg\",\"width\":1708,\"height\":1706,\"caption\":\"contact\"},{\"@type\":\"BreadcrumbList\",\"@id\":\"https:\/\/cielesyeuxdelsa.com\/index.php\/contact\/#breadcrumb\",\"itemListElement\":[{\"@type\":\"ListItem\",\"position\":1,\"name\":\"Accueil\",\"item\":\"https:\/\/cielesyeuxdelsa.com\/\"},{\"@type\":\"ListItem\",\"position\":2,\"name\":\"CONTACT\"}]},{\"@type\":\"WebSite\",\"@id\":\"https:\/\/cielesyeuxdelsa.com\/#website\",\"url\":\"https:\/\/cielesyeuxdelsa.com\/\",\"name\":\"L E S Y E U X D&#039;E L S A\",\"description\":\"...drames burlesques, gestuels et verbaux...\",\"potentialAction\":[{\"@type\":\"SearchAction\",\"target\":{\"@type\":\"EntryPoint\",\"urlTemplate\":\"https:\/\/cielesyeuxdelsa.com\/?s={search_term_string}\"},\"query-input\":{\"@type\":\"PropertyValueSpecification\",\"valueRequired\":true,\"valueName\":\"search_term_string\"}}],\"inLanguage\":\"en-US\"}]}<\/script>\n<!-- \/ Yoast SEO plugin. -->","yoast_head_json":{"title":"CONTACT - L E S Y E U X D&#039;E L S A","description":"Vous avez une question \u00e0 nous poser ? Un projet \u00e0 nous proposer ? Vous souhaitez rejoindre notre \u00e9quipe de b\u00e9n\u00e9voles ou simplement nous envoyer un petit mot d'amour ?","robots":{"index":"index","follow":"follow","max-snippet":"max-snippet:-1","max-image-preview":"max-image-preview:large","max-video-preview":"max-video-preview:-1"},"canonical":"https:\/\/cielesyeuxdelsa.com\/index.php\/contact\/","og_locale":"en_US","og_type":"article","og_title":"CONTACT - L E S Y E U X D&#039;E L S A","og_description":"Vous avez une question \u00e0 nous poser ? Un projet \u00e0 nous proposer ? Vous souhaitez rejoindre notre \u00e9quipe de b\u00e9n\u00e9voles ou simplement nous envoyer un petit mot d'amour ?","og_url":"https:\/\/cielesyeuxdelsa.com\/index.php\/contact\/","og_site_name":"L E S Y E U X D&#039;E L S A","article_modified_time":"2021-05-06T09:27:13+00:00","og_image":[{"width":1708,"height":1706,"url":"https:\/\/cielesyeuxdelsa.com\/wp-content\/uploads\/2020\/11\/2017_12_Orly-indoor_38-scaled-e1616681876174.jpg","type":"image\/jpeg"}],"twitter_card":"summary_large_image","schema":{"@context":"https:\/\/schema.org","@graph":[{"@type":"WebPage","@id":"https:\/\/cielesyeuxdelsa.com\/index.php\/contact\/","url":"https:\/\/cielesyeuxdelsa.com\/index.php\/contact\/","name":"CONTACT - L E S Y E U X D&#039;E L S A","isPartOf":{"@id":"https:\/\/cielesyeuxdelsa.com\/#website"},"primaryImageOfPage":{"@id":"https:\/\/cielesyeuxdelsa.com\/index.php\/contact\/#primaryimage"},"image":{"@id":"https:\/\/cielesyeuxdelsa.com\/index.php\/contact\/#primaryimage"},"thumbnailUrl":"https:\/\/cielesyeuxdelsa.com\/wp-content\/uploads\/2020\/11\/2017_12_Orly-indoor_38-scaled-e1616681876174.jpg","datePublished":"2021-03-25T11:26:41+00:00","dateModified":"2021-05-06T09:27:13+00:00","description":"Vous avez une question \u00e0 nous poser ? Un projet \u00e0 nous proposer ? Vous souhaitez rejoindre notre \u00e9quipe de b\u00e9n\u00e9voles ou simplement nous envoyer un petit mot d'amour ?","breadcrumb":{"@id":"https:\/\/cielesyeuxdelsa.com\/index.php\/contact\/#breadcrumb"},"inLanguage":"en-US","potentialAction":[{"@type":"ReadAction","target":["https:\/\/cielesyeuxdelsa.com\/index.php\/contact\/"]}]},{"@type":"ImageObject","inLanguage":"en-US","@id":"https:\/\/cielesyeuxdelsa.com\/index.php\/contact\/#primaryimage","url":"https:\/\/cielesyeuxdelsa.com\/wp-content\/uploads\/2020\/11\/2017_12_Orly-indoor_38-scaled-e1616681876174.jpg","contentUrl":"https:\/\/cielesyeuxdelsa.com\/wp-content\/uploads\/2020\/11\/2017_12_Orly-indoor_38-scaled-e1616681876174.jpg","width":1708,"height":1706,"caption":"contact"},{"@type":"BreadcrumbList","@id":"https:\/\/cielesyeuxdelsa.com\/index.php\/contact\/#breadcrumb","itemListElement":[{"@type":"ListItem","position":1,"name":"Accueil","item":"https:\/\/cielesyeuxdelsa.com\/"},{"@type":"ListItem","position":2,"name":"CONTACT"}]},{"@type":"WebSite","@id":"https:\/\/cielesyeuxdelsa.com\/#website","url":"https:\/\/cielesyeuxdelsa.com\/","name":"L E S Y E U X D&#039;E L S A","description":"...drames burlesques, gestuels et verbaux...","potentialAction":[{"@type":"SearchAction","target":{"@type":"EntryPoint","urlTemplate":"https:\/\/cielesyeuxdelsa.com\/?s={search_term_string}"},"query-input":{"@type":"PropertyValueSpecification","valueRequired":true,"valueName":"search_term_string"}}],"inLanguage":"en-US"}]}},"_links":{"self":[{"href":"https:\/\/cielesyeuxdelsa.com\/index.php\/wp-json\/wp\/v2\/pages\/135"}],"collection":[{"href":"https:\/\/cielesyeuxdelsa.com\/index.php\/wp-json\/wp\/v2\/pages"}],"about":[{"href":"https:\/\/cielesyeuxdelsa.com\/index.php\/wp-json\/wp\/v2\/types\/page"}],"author":[{"embeddable":true,"href":"https:\/\/cielesyeuxdelsa.com\/index.php\/wp-json\/wp\/v2\/users\/1"}],"replies":[{"embeddable":true,"href":"https:\/\/cielesyeuxdelsa.com\/index.php\/wp-json\/wp\/v2\/comments?post=135"}],"version-history":[{"count":6,"href":"https:\/\/cielesyeuxdelsa.com\/index.php\/wp-json\/wp\/v2\/pages\/135\/revisions"}],"predecessor-version":[{"id":373,"href":"https:\/\/cielesyeuxdelsa.com\/index.php\/wp-json\/wp\/v2\/pages\/135\/revisions\/373"}],"wp:featuredmedia":[{"embeddable":true,"href":"https:\/\/cielesyeuxdelsa.com\/index.php\/wp-json\/wp\/v2\/media\/101"}],"wp:attachment":[{"href":"https:\/\/cielesyeuxdelsa.com\/index.php\/wp-json\/wp\/v2\/media?parent=135"}],"curies":[{"name":"wp","href":"https:\/\/api.w.org\/{rel}","templated":true}]}}