{"id":10,"date":"2021-03-29T19:42:02","date_gmt":"2021-03-29T17:42:02","guid":{"rendered":"http:\/\/cielesyeuxdelsa.com\/?page_id=10"},"modified":"2021-08-25T12:32:04","modified_gmt":"2021-08-25T10:32:04","slug":"equipe","status":"publish","type":"page","link":"https:\/\/cielesyeuxdelsa.com\/index.php\/compagnie\/equipe\/","title":{"rendered":"L&#8217; \u00c9QUIPE"},"content":{"rendered":"\n<p class=\"has-text-align-center\">Au c\u00f4t\u00e9 de la direction artistique, on retrouve Sophie, Sedera, Eva et Ondine, qui accompagnent, soutiennent et oeuvrent dans l&#8217;ombre pour faire rayonner nos projets.<\/p>\n\n\n\n<p class=\"has-text-align-center\">C&#8217;est une \u00e9quipe hybride, o\u00f9 chacune m\u00eale sa pratique et son regard artistique \u00e0 ses comp\u00e9tences administratives pour d\u00e9ployer le travail des Yeux d&#8217;Elsa. Entre rigueur, r\u00eave et rire, vous trouverez toujours quelqu&#8217;un au bout du fil !<\/p>\n\n\n\n<p><\/p>\n\n\n<div class=\"hover-wrap row hover_custom_class\"><div class=\"ultimate-hover-item mg-col-md-6 mg-col-xs-12 mg-col-sm-6\" style=\"margin-top: 30px;\"><div class=\"ih-item circle colored effect19\" style=\"width:300px; height:300px \"><a><div class=\"img\" style=\"box-shadow:none; width:300px; height:300px \"><img decoding=\"async\" src=\"https:\/\/cielesyeuxdelsa.com\/wp-content\/uploads\/2021\/03\/result_image-2.jpg\"><\/div>\r\n                                    <div class=\"info\">\r\n                                <h3 style=\"letter-spacing: 0px; font-family: Nokora;font-weight:regular; font-size: 24px; color:#fff; text-transform:; font-style: normal\">Sophie Romanet<\/h3>\r\n                                <p style=\"font-family: Open Sans;font-weight:regular; font-size: 18px; color:#fff; text-transform:; font-style: normal; line-height: 22px\">Pr\u00e9sidente de l'association<\/p>\r\n                    \r\n                    <\/div><\/a><\/div><\/div><div class=\"ultimate-hover-item mg-col-md-6 mg-col-xs-12 mg-col-sm-6\" style=\"margin-top: 30px;\"><div class=\"ih-item circle colored effect19\" style=\"width:300px; height:300px \"><a><div class=\"img\" style=\"box-shadow:none; width:300px; height:300px \"><img decoding=\"async\" src=\"https:\/\/cielesyeuxdelsa.com\/wp-content\/uploads\/2021\/03\/result_image.jpg\"><\/div>\r\n                                    <div class=\"info\">\r\n                                <h3 style=\"letter-spacing: 0px; font-family: Nokora;font-weight:regular; font-size: 24px; color:#fff; text-transform:; font-style: normal\">Sedera Ranaivoarinosy<\/h3>\r\n                                <p style=\"font-family: Open Sans;font-weight:regular; font-size: 18px; color:#fff; text-transform:; font-style: normal; line-height: 22px\">Communication et diffusion <\/p>\r\n                    \r\n                    <\/div><\/a><\/div><\/div><\/div>\n\n\n\n<p><\/p>\n\n\n<div class=\"hover-wrap row hover_custom_class\"><div class=\"ultimate-hover-item mg-col-md-6 mg-col-xs-12 mg-col-sm-6\" style=\"margin-top: 30px;\"><div class=\"ih-item circle colored effect19\" style=\"width:300px; height:300px \"><a><div class=\"img\" style=\"box-shadow:none; width:300px; height:300px \"><img decoding=\"async\" src=\"https:\/\/cielesyeuxdelsa.com\/wp-content\/uploads\/2021\/03\/result_image-4.jpg\"><\/div>\r\n                                    <div class=\"info\">\r\n                                <h3 style=\"letter-spacing: 0px; font-family: Open Sans;font-weight:regular; font-size: 24px; color:#fff; text-transform:; font-style: normal\">Ondine Policand<\/h3>\r\n                                <p style=\"font-family: Open Sans;font-weight:regular; font-size: 18px; color:#fff; text-transform:; font-style: normal; line-height: 22px\">Mise en sc\u00e8ne et production<\/p>\r\n                    \r\n                    <\/div><\/a><\/div><\/div><div class=\"ultimate-hover-item mg-col-md-6 mg-col-xs-12 mg-col-sm-6\" style=\"margin-top: 30px;\"><div class=\"ih-item circle colored effect19\" style=\"width:300px; height:300px \"><a><div class=\"img\" style=\"box-shadow:none; width:300px; height:300px \"><img decoding=\"async\" src=\"https:\/\/cielesyeuxdelsa.com\/wp-content\/uploads\/2021\/03\/result_image-3.jpg\"><\/div>\r\n                                    <div class=\"info\">\r\n                                <h3 style=\"letter-spacing: 0px; font-family: Open Sans;font-weight:regular; font-size: 24px; color:#fff; text-transform:; font-style: normal\">Eva Colpacci<\/h3>\r\n                                <p style=\"font-family: Open Sans;font-weight:regular; font-size: 18px; color:#fff; text-transform:; font-style: normal; line-height: 22px\">Regard ext\u00e9rieur et production<\/p>\r\n                    \r\n                    <\/div><\/a><\/div><\/div><\/div>\n\n\n\n<p>  <span class=\"has-inline-color has-white-color\"> blabla<\/span><\/p>\n\n\n\n<hr class=\"wp-block-separator has-text-color has-background is-style-default\" style=\"background-color:#00a6a1;color:#00a6a1\"\/>\n\n\n\n<p class=\"has-text-align-center\">Comment r\u00e9aliser un avion en papier en 2021 est une question qui vous taraude au quotidien ?<br>Notre \u00e9quipe vous r\u00e9pond dans cette vid\u00e9o !<\/p>\n\n\n\n<p><span class=\"has-inline-color has-white-color\">blabla<\/span><\/p>\n\n\n\n<figure class=\"wp-block-embed-youtube aligncenter wp-block-embed is-type-video is-provider-youtube wp-embed-aspect-16-9 wp-has-aspect-ratio\"><div class=\"wp-block-embed__wrapper\">\n<iframe loading=\"lazy\" title=\"2021\" width=\"1170\" height=\"658\" src=\"https:\/\/www.youtube.com\/embed\/qu057HARdd4?feature=oembed\" frameborder=\"0\" allow=\"accelerometer; autoplay; clipboard-write; encrypted-media; gyroscope; picture-in-picture\" allowfullscreen><\/iframe>\n<\/div><\/figure>\n\n\n\n<hr class=\"wp-block-separator has-text-color has-background is-style-default\" style=\"background-color:#00a6a1;color:#00a6a1\"\/>\n\n\n\n<p class=\"has-text-align-center\"><em>Vous souhaitez rejoindre notre \u00e9quipe ? <a href=\"https:\/\/cielesyeuxdelsa.com\/index.php\/contact\/\">Contactez-nous<\/a> !<\/em><\/p>\n\n\n\n<p class=\"has-text-align-center\"><a href=\"https:\/\/cielesyeuxdelsa.com\/index.php\/compagnie\/\">Retour<\/a><\/p>\n\n\n\n<p><\/p>\n","protected":false},"excerpt":{"rendered":"<p>Au c\u00f4t\u00e9 de la direction artistique, on retrouve Sophie, Sedera, Eva et Ondine, qui accompagnent, soutiennent et oeuvrent dans l&#8217;ombre pour faire rayonner nos projets. C&#8217;est une \u00e9quipe hybride, o\u00f9 chacune m\u00eale sa pratique et son regard artistique \u00e0 ses comp\u00e9tences administratives pour d\u00e9ployer le travail des Yeux d&#8217;Elsa. Entre rigueur, r\u00eave et rire, vous [&hellip;]<\/p>\n","protected":false},"author":1,"featured_media":83,"parent":76,"menu_order":0,"comment_status":"closed","ping_status":"closed","template":"","meta":{"footnotes":""},"yoast_head":"<!-- This site is optimized with the Yoast SEO plugin v24.5 - https:\/\/yoast.com\/wordpress\/plugins\/seo\/ -->\n<title>L&#039; \u00c9QUIPE - L E S Y E U X D&#039;E L S A<\/title>\n<meta name=\"description\" content=\"Au c\u00f4t\u00e9 de la direction artistique, on retrouve Sophie, Sedera, Eva et Ondine, qui accompagnent, soutiennent et oeuvrent dans l&#039;ombre pour faire rayonner nos projets. C&#039;est une \u00e9quipe hybride...\" \/>\n<meta name=\"robots\" content=\"index, follow, max-snippet:-1, max-image-preview:large, max-video-preview:-1\" \/>\n<link rel=\"canonical\" href=\"https:\/\/cielesyeuxdelsa.com\/index.php\/compagnie\/equipe\/\" \/>\n<meta property=\"og:locale\" content=\"en_US\" \/>\n<meta property=\"og:type\" content=\"article\" \/>\n<meta property=\"og:title\" content=\"L&#039; \u00c9QUIPE - L E S Y E U X D&#039;E L S A\" \/>\n<meta property=\"og:description\" content=\"Au c\u00f4t\u00e9 de la direction artistique, on retrouve Sophie, Sedera, Eva et Ondine, qui accompagnent, soutiennent et oeuvrent dans l&#039;ombre pour faire rayonner nos projets. C&#039;est une \u00e9quipe hybride...\" \/>\n<meta property=\"og:url\" content=\"https:\/\/cielesyeuxdelsa.com\/index.php\/compagnie\/equipe\/\" \/>\n<meta property=\"og:site_name\" content=\"L E S Y E U X D&#039;E L S A\" \/>\n<meta property=\"article:modified_time\" content=\"2021-08-25T10:32:04+00:00\" \/>\n<meta property=\"og:image\" content=\"https:\/\/cielesyeuxdelsa.com\/wp-content\/uploads\/2020\/11\/2017_12_Orly-indoor_52-scaled.jpg\" \/>\n\t<meta property=\"og:image:width\" content=\"2560\" \/>\n\t<meta property=\"og:image:height\" content=\"1440\" \/>\n\t<meta property=\"og:image:type\" content=\"image\/jpeg\" \/>\n<meta name=\"twitter:card\" content=\"summary_large_image\" \/>\n<meta name=\"twitter:label1\" content=\"Est. reading time\" \/>\n\t<meta name=\"twitter:data1\" content=\"1 minute\" \/>\n<script type=\"application\/ld+json\" class=\"yoast-schema-graph\">{\"@context\":\"https:\/\/schema.org\",\"@graph\":[{\"@type\":\"WebPage\",\"@id\":\"https:\/\/cielesyeuxdelsa.com\/index.php\/compagnie\/equipe\/\",\"url\":\"https:\/\/cielesyeuxdelsa.com\/index.php\/compagnie\/equipe\/\",\"name\":\"L' \u00c9QUIPE - L E S Y E U X D&#039;E L S A\",\"isPartOf\":{\"@id\":\"https:\/\/cielesyeuxdelsa.com\/#website\"},\"primaryImageOfPage\":{\"@id\":\"https:\/\/cielesyeuxdelsa.com\/index.php\/compagnie\/equipe\/#primaryimage\"},\"image\":{\"@id\":\"https:\/\/cielesyeuxdelsa.com\/index.php\/compagnie\/equipe\/#primaryimage\"},\"thumbnailUrl\":\"https:\/\/cielesyeuxdelsa.com\/wp-content\/uploads\/2020\/11\/2017_12_Orly-indoor_52-scaled.jpg\",\"datePublished\":\"2021-03-29T17:42:02+00:00\",\"dateModified\":\"2021-08-25T10:32:04+00:00\",\"description\":\"Au c\u00f4t\u00e9 de la direction artistique, on retrouve Sophie, Sedera, Eva et Ondine, qui accompagnent, soutiennent et oeuvrent dans l'ombre pour faire rayonner nos projets. C'est une \u00e9quipe hybride...\",\"breadcrumb\":{\"@id\":\"https:\/\/cielesyeuxdelsa.com\/index.php\/compagnie\/equipe\/#breadcrumb\"},\"inLanguage\":\"en-US\",\"potentialAction\":[{\"@type\":\"ReadAction\",\"target\":[\"https:\/\/cielesyeuxdelsa.com\/index.php\/compagnie\/equipe\/\"]}]},{\"@type\":\"ImageObject\",\"inLanguage\":\"en-US\",\"@id\":\"https:\/\/cielesyeuxdelsa.com\/index.php\/compagnie\/equipe\/#primaryimage\",\"url\":\"https:\/\/cielesyeuxdelsa.com\/wp-content\/uploads\/2020\/11\/2017_12_Orly-indoor_52-scaled.jpg\",\"contentUrl\":\"https:\/\/cielesyeuxdelsa.com\/wp-content\/uploads\/2020\/11\/2017_12_Orly-indoor_52-scaled.jpg\",\"width\":2560,\"height\":1440},{\"@type\":\"BreadcrumbList\",\"@id\":\"https:\/\/cielesyeuxdelsa.com\/index.php\/compagnie\/equipe\/#breadcrumb\",\"itemListElement\":[{\"@type\":\"ListItem\",\"position\":1,\"name\":\"Accueil\",\"item\":\"https:\/\/cielesyeuxdelsa.com\/\"},{\"@type\":\"ListItem\",\"position\":2,\"name\":\"LA COMPAGNIE\",\"item\":\"https:\/\/cielesyeuxdelsa.com\/index.php\/compagnie\/\"},{\"@type\":\"ListItem\",\"position\":3,\"name\":\"L&#8217; \u00c9QUIPE\"}]},{\"@type\":\"WebSite\",\"@id\":\"https:\/\/cielesyeuxdelsa.com\/#website\",\"url\":\"https:\/\/cielesyeuxdelsa.com\/\",\"name\":\"L E S Y E U X D&#039;E L S A\",\"description\":\"...drames burlesques, gestuels et verbaux...\",\"potentialAction\":[{\"@type\":\"SearchAction\",\"target\":{\"@type\":\"EntryPoint\",\"urlTemplate\":\"https:\/\/cielesyeuxdelsa.com\/?s={search_term_string}\"},\"query-input\":{\"@type\":\"PropertyValueSpecification\",\"valueRequired\":true,\"valueName\":\"search_term_string\"}}],\"inLanguage\":\"en-US\"}]}<\/script>\n<!-- \/ Yoast SEO plugin. -->","yoast_head_json":{"title":"L' \u00c9QUIPE - L E S Y E U X D&#039;E L S A","description":"Au c\u00f4t\u00e9 de la direction artistique, on retrouve Sophie, Sedera, Eva et Ondine, qui accompagnent, soutiennent et oeuvrent dans l'ombre pour faire rayonner nos projets. C'est une \u00e9quipe hybride...","robots":{"index":"index","follow":"follow","max-snippet":"max-snippet:-1","max-image-preview":"max-image-preview:large","max-video-preview":"max-video-preview:-1"},"canonical":"https:\/\/cielesyeuxdelsa.com\/index.php\/compagnie\/equipe\/","og_locale":"en_US","og_type":"article","og_title":"L' \u00c9QUIPE - L E S Y E U X D&#039;E L S A","og_description":"Au c\u00f4t\u00e9 de la direction artistique, on retrouve Sophie, Sedera, Eva et Ondine, qui accompagnent, soutiennent et oeuvrent dans l'ombre pour faire rayonner nos projets. C'est une \u00e9quipe hybride...","og_url":"https:\/\/cielesyeuxdelsa.com\/index.php\/compagnie\/equipe\/","og_site_name":"L E S Y E U X D&#039;E L S A","article_modified_time":"2021-08-25T10:32:04+00:00","og_image":[{"width":2560,"height":1440,"url":"https:\/\/cielesyeuxdelsa.com\/wp-content\/uploads\/2020\/11\/2017_12_Orly-indoor_52-scaled.jpg","type":"image\/jpeg"}],"twitter_card":"summary_large_image","twitter_misc":{"Est. reading time":"1 minute"},"schema":{"@context":"https:\/\/schema.org","@graph":[{"@type":"WebPage","@id":"https:\/\/cielesyeuxdelsa.com\/index.php\/compagnie\/equipe\/","url":"https:\/\/cielesyeuxdelsa.com\/index.php\/compagnie\/equipe\/","name":"L' \u00c9QUIPE - L E S Y E U X D&#039;E L S A","isPartOf":{"@id":"https:\/\/cielesyeuxdelsa.com\/#website"},"primaryImageOfPage":{"@id":"https:\/\/cielesyeuxdelsa.com\/index.php\/compagnie\/equipe\/#primaryimage"},"image":{"@id":"https:\/\/cielesyeuxdelsa.com\/index.php\/compagnie\/equipe\/#primaryimage"},"thumbnailUrl":"https:\/\/cielesyeuxdelsa.com\/wp-content\/uploads\/2020\/11\/2017_12_Orly-indoor_52-scaled.jpg","datePublished":"2021-03-29T17:42:02+00:00","dateModified":"2021-08-25T10:32:04+00:00","description":"Au c\u00f4t\u00e9 de la direction artistique, on retrouve Sophie, Sedera, Eva et Ondine, qui accompagnent, soutiennent et oeuvrent dans l'ombre pour faire rayonner nos projets. C'est une \u00e9quipe hybride...","breadcrumb":{"@id":"https:\/\/cielesyeuxdelsa.com\/index.php\/compagnie\/equipe\/#breadcrumb"},"inLanguage":"en-US","potentialAction":[{"@type":"ReadAction","target":["https:\/\/cielesyeuxdelsa.com\/index.php\/compagnie\/equipe\/"]}]},{"@type":"ImageObject","inLanguage":"en-US","@id":"https:\/\/cielesyeuxdelsa.com\/index.php\/compagnie\/equipe\/#primaryimage","url":"https:\/\/cielesyeuxdelsa.com\/wp-content\/uploads\/2020\/11\/2017_12_Orly-indoor_52-scaled.jpg","contentUrl":"https:\/\/cielesyeuxdelsa.com\/wp-content\/uploads\/2020\/11\/2017_12_Orly-indoor_52-scaled.jpg","width":2560,"height":1440},{"@type":"BreadcrumbList","@id":"https:\/\/cielesyeuxdelsa.com\/index.php\/compagnie\/equipe\/#breadcrumb","itemListElement":[{"@type":"ListItem","position":1,"name":"Accueil","item":"https:\/\/cielesyeuxdelsa.com\/"},{"@type":"ListItem","position":2,"name":"LA COMPAGNIE","item":"https:\/\/cielesyeuxdelsa.com\/index.php\/compagnie\/"},{"@type":"ListItem","position":3,"name":"L&#8217; \u00c9QUIPE"}]},{"@type":"WebSite","@id":"https:\/\/cielesyeuxdelsa.com\/#website","url":"https:\/\/cielesyeuxdelsa.com\/","name":"L E S Y E U X D&#039;E L S A","description":"...drames burlesques, gestuels et verbaux...","potentialAction":[{"@type":"SearchAction","target":{"@type":"EntryPoint","urlTemplate":"https:\/\/cielesyeuxdelsa.com\/?s={search_term_string}"},"query-input":{"@type":"PropertyValueSpecification","valueRequired":true,"valueName":"search_term_string"}}],"inLanguage":"en-US"}]}},"_links":{"self":[{"href":"https:\/\/cielesyeuxdelsa.com\/index.php\/wp-json\/wp\/v2\/pages\/10"}],"collection":[{"href":"https:\/\/cielesyeuxdelsa.com\/index.php\/wp-json\/wp\/v2\/pages"}],"about":[{"href":"https:\/\/cielesyeuxdelsa.com\/index.php\/wp-json\/wp\/v2\/types\/page"}],"author":[{"embeddable":true,"href":"https:\/\/cielesyeuxdelsa.com\/index.php\/wp-json\/wp\/v2\/users\/1"}],"replies":[{"embeddable":true,"href":"https:\/\/cielesyeuxdelsa.com\/index.php\/wp-json\/wp\/v2\/comments?post=10"}],"version-history":[{"count":21,"href":"https:\/\/cielesyeuxdelsa.com\/index.php\/wp-json\/wp\/v2\/pages\/10\/revisions"}],"predecessor-version":[{"id":398,"href":"https:\/\/cielesyeuxdelsa.com\/index.php\/wp-json\/wp\/v2\/pages\/10\/revisions\/398"}],"up":[{"embeddable":true,"href":"https:\/\/cielesyeuxdelsa.com\/index.php\/wp-json\/wp\/v2\/pages\/76"}],"wp:featuredmedia":[{"embeddable":true,"href":"https:\/\/cielesyeuxdelsa.com\/index.php\/wp-json\/wp\/v2\/media\/83"}],"wp:attachment":[{"href":"https:\/\/cielesyeuxdelsa.com\/index.php\/wp-json\/wp\/v2\/media?parent=10"}],"curies":[{"name":"wp","href":"https:\/\/api.w.org\/{rel}","templated":true}]}}